{"id":588,"date":"2025-07-09T17:41:38","date_gmt":"2025-07-09T20:41:38","guid":{"rendered":"https:\/\/farrer.com.br\/?page_id=588"},"modified":"2025-08-29T09:32:09","modified_gmt":"2025-08-29T12:32:09","slug":"equipe","status":"publish","type":"page","link":"https:\/\/farrer.com.br\/?page_id=588","title":{"rendered":"Equipe"},"content":{"rendered":"\t\t<div data-elementor-type=\"wp-page\" data-elementor-id=\"588\" class=\"elementor elementor-588\" data-elementor-post-type=\"page\">\n\t\t\t\t<div class=\"elementor-element elementor-element-364fc23 elementor-hidden-tablet elementor-hidden-mobile e-flex e-con-boxed wpr-particle-no wpr-jarallax-no wpr-parallax-no wpr-sticky-section-no e-con e-parent\" data-id=\"364fc23\" data-element_type=\"container\" data-settings=\"{&quot;background_background&quot;:&quot;classic&quot;}\">\n\t\t\t\t\t<div class=\"e-con-inner\">\n\t\t<div class=\"elementor-element elementor-element-6cfd9e7 e-con-full e-flex wpr-particle-no wpr-jarallax-no wpr-parallax-no wpr-sticky-section-no e-con e-child\" data-id=\"6cfd9e7\" data-element_type=\"container\">\n\t\t\t\t<div class=\"elementor-element elementor-element-5c5ab20 elementor-widget__width-inherit elementor-widget elementor-widget-image\" data-id=\"5c5ab20\" data-element_type=\"widget\" data-widget_type=\"image.default\">\n\t\t\t\t\t\t\t\t\t\t\t\t\t\t\t<img fetchpriority=\"high\" decoding=\"async\" width=\"800\" height=\"300\" src=\"https:\/\/farrer.com.br\/wp-content\/uploads\/2025\/07\/Grupo_Farrer_Fundo_Preto.png\" class=\"attachment-large size-large wp-image-73\" alt=\"\" \/>\t\t\t\t\t\t\t\t\t\t\t\t\t\t\t<\/div>\n\t\t\t\t<\/div>\n\t\t<div class=\"elementor-element elementor-element-60f1ac2 e-con-full e-flex wpr-particle-no wpr-jarallax-no wpr-parallax-no wpr-sticky-section-no e-con e-child\" data-id=\"60f1ac2\" data-element_type=\"container\">\n\t\t\t\t<div class=\"elementor-element elementor-element-bf3e1ea wpr-main-menu-align-right wpr-main-menu-align--tabletright wpr-nav-menu-bp-tablet wpr-main-menu-align--widescreenleft wpr-main-menu-align--mobileleft wpr-pointer-underline wpr-pointer-line-fx wpr-pointer-fx-fade wpr-sub-icon-caret-down wpr-sub-menu-fx-fade wpr-mobile-menu-full-width wpr-mobile-menu-item-align-center wpr-mobile-toggle-v1 wpr-mobile-divider-yes elementor-widget elementor-widget-wpr-nav-menu\" data-id=\"bf3e1ea\" data-element_type=\"widget\" data-settings=\"{&quot;menu_layout&quot;:&quot;horizontal&quot;}\" data-widget_type=\"wpr-nav-menu.default\">\n\t\t\t\t\t<nav class=\"wpr-nav-menu-container wpr-nav-menu-horizontal\" data-trigger=\"hover\"><ul id=\"menu-1-bf3e1ea\" class=\"wpr-nav-menu\"><li class=\"menu-item menu-item-type-post_type menu-item-object-page menu-item-home menu-item-573\"><a href=\"https:\/\/farrer.com.br\/\" class=\"wpr-menu-item wpr-pointer-item\">Home<\/a><\/li>\n<li class=\"menu-item menu-item-type-post_type menu-item-object-page menu-item-575\"><a href=\"https:\/\/farrer.com.br\/?page_id=243\" class=\"wpr-menu-item wpr-pointer-item\">Quem Somos<\/a><\/li>\n<li class=\"menu-item menu-item-type-post_type menu-item-object-page menu-item-598\"><a href=\"https:\/\/farrer.com.br\/?page_id=588\" class=\"wpr-menu-item wpr-pointer-item\">Equipe<\/a><\/li>\n<li class=\"menu-item menu-item-type-post_type menu-item-object-page menu-item-684\"><a href=\"https:\/\/farrer.com.br\/?page_id=682\" class=\"wpr-menu-item wpr-pointer-item\">Atua\u00e7\u00e3o<\/a><\/li>\n<li class=\"menu-item menu-item-type-post_type menu-item-object-page menu-item-599\"><a href=\"https:\/\/farrer.com.br\/?page_id=592\" class=\"wpr-menu-item wpr-pointer-item\">Publica\u00e7\u00f5es<\/a><\/li>\n<li class=\"menu-item menu-item-type-post_type menu-item-object-page menu-item-597\"><a href=\"https:\/\/farrer.com.br\/?page_id=594\" class=\"wpr-menu-item wpr-pointer-item\">Contato<\/a><\/li>\n<\/ul><\/nav><nav class=\"wpr-mobile-nav-menu-container\"><div class=\"wpr-mobile-toggle-wrap\"><div class=\"wpr-mobile-toggle\"><span class=\"wpr-mobile-toggle-line\"><\/span><span class=\"wpr-mobile-toggle-line\"><\/span><span class=\"wpr-mobile-toggle-line\"><\/span><\/div><\/div><ul id=\"mobile-menu-2-bf3e1ea\" class=\"wpr-mobile-nav-menu\"><li class=\"menu-item menu-item-type-post_type menu-item-object-page menu-item-home menu-item-573\"><a href=\"https:\/\/farrer.com.br\/\" class=\"wpr-mobile-menu-item\">Home<\/a><\/li>\n<li class=\"menu-item menu-item-type-post_type menu-item-object-page menu-item-575\"><a href=\"https:\/\/farrer.com.br\/?page_id=243\" class=\"wpr-mobile-menu-item\">Quem Somos<\/a><\/li>\n<li class=\"menu-item menu-item-type-post_type menu-item-object-page menu-item-598\"><a href=\"https:\/\/farrer.com.br\/?page_id=588\" class=\"wpr-mobile-menu-item\">Equipe<\/a><\/li>\n<li class=\"menu-item menu-item-type-post_type menu-item-object-page menu-item-684\"><a href=\"https:\/\/farrer.com.br\/?page_id=682\" class=\"wpr-mobile-menu-item\">Atua\u00e7\u00e3o<\/a><\/li>\n<li class=\"menu-item menu-item-type-post_type menu-item-object-page menu-item-599\"><a href=\"https:\/\/farrer.com.br\/?page_id=592\" class=\"wpr-mobile-menu-item\">Publica\u00e7\u00f5es<\/a><\/li>\n<li class=\"menu-item menu-item-type-post_type menu-item-object-page menu-item-597\"><a href=\"https:\/\/farrer.com.br\/?page_id=594\" class=\"wpr-mobile-menu-item\">Contato<\/a><\/li>\n<\/ul><\/nav>\t\t\t\t<\/div>\n\t\t\t\t<\/div>\n\t\t\t\t\t<\/div>\n\t\t\t\t<\/div>\n\t\t<div class=\"elementor-element elementor-element-631a55f elementor-hidden-desktop elementor-hidden-widescreen e-flex e-con-boxed wpr-particle-no wpr-jarallax-no wpr-parallax-no wpr-sticky-section-no e-con e-parent\" data-id=\"631a55f\" data-element_type=\"container\" data-settings=\"{&quot;background_background&quot;:&quot;classic&quot;,&quot;sticky&quot;:&quot;top&quot;,&quot;sticky_on&quot;:[&quot;widescreen&quot;,&quot;desktop&quot;,&quot;tablet&quot;,&quot;mobile&quot;],&quot;sticky_offset&quot;:0,&quot;sticky_effects_offset&quot;:0,&quot;sticky_anchor_link_offset&quot;:0}\">\n\t\t\t\t\t<div class=\"e-con-inner\">\n\t\t<div class=\"elementor-element elementor-element-f9ee3c1 e-con-full e-flex wpr-particle-no wpr-jarallax-no wpr-parallax-no wpr-sticky-section-no e-con e-child\" data-id=\"f9ee3c1\" data-element_type=\"container\">\n\t\t\t\t<div class=\"elementor-element elementor-element-92f300a elementor-widget__width-inherit elementor-widget elementor-widget-image\" data-id=\"92f300a\" data-element_type=\"widget\" data-widget_type=\"image.default\">\n\t\t\t\t\t\t\t\t\t\t\t\t\t\t\t<img fetchpriority=\"high\" decoding=\"async\" width=\"800\" height=\"300\" src=\"https:\/\/farrer.com.br\/wp-content\/uploads\/2025\/07\/Grupo_Farrer_Fundo_Preto.png\" class=\"attachment-large size-large wp-image-73\" alt=\"\" \/>\t\t\t\t\t\t\t\t\t\t\t\t\t\t\t<\/div>\n\t\t\t\t<\/div>\n\t\t<div class=\"elementor-element elementor-element-320920f e-con-full e-flex wpr-particle-no wpr-jarallax-no wpr-parallax-no wpr-sticky-section-no e-con e-child\" data-id=\"320920f\" data-element_type=\"container\">\n\t\t\t\t<div class=\"elementor-element elementor-element-488f605 wpr-main-menu-align-right wpr-main-menu-align--tabletright wpr-nav-menu-bp-tablet wpr-main-menu-align--widescreenleft wpr-main-menu-align--mobileleft wpr-pointer-underline wpr-pointer-line-fx wpr-pointer-fx-fade wpr-sub-icon-caret-down wpr-sub-menu-fx-fade wpr-mobile-menu-full-width wpr-mobile-menu-item-align-center wpr-mobile-toggle-v1 wpr-mobile-divider-yes elementor-widget elementor-widget-wpr-nav-menu\" data-id=\"488f605\" data-element_type=\"widget\" data-settings=\"{&quot;menu_layout&quot;:&quot;horizontal&quot;}\" data-widget_type=\"wpr-nav-menu.default\">\n\t\t\t\t\t<nav class=\"wpr-nav-menu-container wpr-nav-menu-horizontal\" data-trigger=\"hover\"><ul id=\"menu-1-488f605\" class=\"wpr-nav-menu\"><li class=\"menu-item menu-item-type-post_type menu-item-object-page menu-item-home menu-item-573\"><a href=\"https:\/\/farrer.com.br\/\" class=\"wpr-menu-item wpr-pointer-item\">Home<\/a><\/li>\n<li class=\"menu-item menu-item-type-post_type menu-item-object-page menu-item-575\"><a href=\"https:\/\/farrer.com.br\/?page_id=243\" class=\"wpr-menu-item wpr-pointer-item\">Quem Somos<\/a><\/li>\n<li class=\"menu-item menu-item-type-post_type menu-item-object-page menu-item-598\"><a href=\"https:\/\/farrer.com.br\/?page_id=588\" class=\"wpr-menu-item wpr-pointer-item\">Equipe<\/a><\/li>\n<li class=\"menu-item menu-item-type-post_type menu-item-object-page menu-item-684\"><a href=\"https:\/\/farrer.com.br\/?page_id=682\" class=\"wpr-menu-item wpr-pointer-item\">Atua\u00e7\u00e3o<\/a><\/li>\n<li class=\"menu-item menu-item-type-post_type menu-item-object-page menu-item-599\"><a href=\"https:\/\/farrer.com.br\/?page_id=592\" class=\"wpr-menu-item wpr-pointer-item\">Publica\u00e7\u00f5es<\/a><\/li>\n<li class=\"menu-item menu-item-type-post_type menu-item-object-page menu-item-597\"><a href=\"https:\/\/farrer.com.br\/?page_id=594\" class=\"wpr-menu-item wpr-pointer-item\">Contato<\/a><\/li>\n<\/ul><\/nav><nav class=\"wpr-mobile-nav-menu-container\"><div class=\"wpr-mobile-toggle-wrap\"><div class=\"wpr-mobile-toggle\"><span class=\"wpr-mobile-toggle-line\"><\/span><span class=\"wpr-mobile-toggle-line\"><\/span><span class=\"wpr-mobile-toggle-line\"><\/span><\/div><\/div><ul id=\"mobile-menu-2-488f605\" class=\"wpr-mobile-nav-menu\"><li class=\"menu-item menu-item-type-post_type menu-item-object-page menu-item-home menu-item-573\"><a href=\"https:\/\/farrer.com.br\/\" class=\"wpr-mobile-menu-item\">Home<\/a><\/li>\n<li class=\"menu-item menu-item-type-post_type menu-item-object-page menu-item-575\"><a href=\"https:\/\/farrer.com.br\/?page_id=243\" class=\"wpr-mobile-menu-item\">Quem Somos<\/a><\/li>\n<li class=\"menu-item menu-item-type-post_type menu-item-object-page menu-item-598\"><a href=\"https:\/\/farrer.com.br\/?page_id=588\" class=\"wpr-mobile-menu-item\">Equipe<\/a><\/li>\n<li class=\"menu-item menu-item-type-post_type menu-item-object-page menu-item-684\"><a href=\"https:\/\/farrer.com.br\/?page_id=682\" class=\"wpr-mobile-menu-item\">Atua\u00e7\u00e3o<\/a><\/li>\n<li class=\"menu-item menu-item-type-post_type menu-item-object-page menu-item-599\"><a href=\"https:\/\/farrer.com.br\/?page_id=592\" class=\"wpr-mobile-menu-item\">Publica\u00e7\u00f5es<\/a><\/li>\n<li class=\"menu-item menu-item-type-post_type menu-item-object-page menu-item-597\"><a href=\"https:\/\/farrer.com.br\/?page_id=594\" class=\"wpr-mobile-menu-item\">Contato<\/a><\/li>\n<\/ul><\/nav>\t\t\t\t<\/div>\n\t\t\t\t<\/div>\n\t\t\t\t\t<\/div>\n\t\t\t\t<\/div>\n\t\t<div class=\"elementor-element elementor-element-4d14622e e-flex e-con-boxed wpr-particle-no wpr-jarallax-no wpr-parallax-no wpr-sticky-section-no e-con e-parent\" data-id=\"4d14622e\" data-element_type=\"container\" data-settings=\"{&quot;background_background&quot;:&quot;classic&quot;}\">\n\t\t\t\t\t<div class=\"e-con-inner\">\n\t\t<div class=\"elementor-element elementor-element-de616f4 e-con-full e-flex wpr-particle-no wpr-jarallax-no wpr-parallax-no wpr-sticky-section-no e-con e-child\" data-id=\"de616f4\" data-element_type=\"container\" data-settings=\"{&quot;background_background&quot;:&quot;classic&quot;}\">\n\t\t<div class=\"elementor-element elementor-element-bb6a6b8 e-con-full e-flex wpr-particle-no wpr-jarallax-no wpr-parallax-no wpr-sticky-section-no e-con e-child\" data-id=\"bb6a6b8\" data-element_type=\"container\">\n\t\t\t\t<div class=\"elementor-element elementor-element-b660116 elementor-widget__width-inherit elementor-widget-mobile__width-inherit elementor-widget elementor-widget-elementskit-heading\" data-id=\"b660116\" data-element_type=\"widget\" data-widget_type=\"elementskit-heading.default\">\n\t\t\t\t\t<div class=\"ekit-wid-con\" ><div class=\"ekit-heading elementskit-section-title-wraper text_center   ekit_heading_tablet-   ekit_heading_mobile-\"><h2 class=\"ekit-heading--title elementskit-section-title \">Equipe <span>Farrer<\/span><\/h2><div class=\"ekit_heading_separetor_wraper ekit_heading_elementskit-border-divider ekit-dotted\"><div class=\"elementskit-border-divider ekit-dotted\"><\/div><\/div><\/div><\/div>\t\t\t\t<\/div>\n\t\t\t\t<\/div>\n\t\t\t\t<\/div>\n\t\t<div class=\"elementor-element elementor-element-baac281 e-con-full e-flex wpr-particle-no wpr-jarallax-no wpr-parallax-no wpr-sticky-section-no e-con e-child\" data-id=\"baac281\" data-element_type=\"container\">\n\t\t<div class=\"elementor-element elementor-element-290905b e-con-full e-flex wpr-particle-no wpr-jarallax-no wpr-parallax-no wpr-sticky-section-no e-con e-child\" data-id=\"290905b\" data-element_type=\"container\" data-settings=\"{&quot;background_background&quot;:&quot;classic&quot;}\">\n\t\t\t\t<\/div>\n\t\t<div class=\"elementor-element elementor-element-6f6dc5d e-con-full e-flex wpr-particle-no wpr-jarallax-no wpr-parallax-no wpr-sticky-section-no e-con e-child\" data-id=\"6f6dc5d\" data-element_type=\"container\">\n\t\t\t\t<div class=\"elementor-element elementor-element-287f804 elementor-widget__width-initial elementor-widget-mobile__width-inherit elementor-widget elementor-widget-elementskit-heading\" data-id=\"287f804\" data-element_type=\"widget\" data-widget_type=\"elementskit-heading.default\">\n\t\t\t\t\t<div class=\"ekit-wid-con\" ><div class=\"ekit-heading elementskit-section-title-wraper text_left   ekit_heading_tablet-   ekit_heading_mobile-\"><h2 class=\"ekit-heading--title elementskit-section-title \">Robert <span>Farrer<\/span><\/h2><div class=\"ekit_heading_separetor_wraper ekit_heading_elementskit-border-divider ekit-dotted\"><div class=\"elementskit-border-divider ekit-dotted\"><\/div><\/div>\t\t\t\t<div class='ekit-heading__description'>\n\t\t\t\t\t<div class=\"elementor-element elementor-element-78f01969 envato-kit-93-drop-cap elementor-widget elementor-widget-text-editor animated fadeInUp\">\n<div class=\"elementor-widget-container\">\n<p>Advogado e engenheiro civil. S\u00f3cio da FARRER CONSULTORES SOCIEDADE DE ADOVOGADOS, com atua\u00e7\u00e3o focada em gerenciamento de contratos de engenharia, incluindo elabora\u00e7\u00e3o, negocia\u00e7\u00e3o, documenta\u00e7\u00e3o e revis\u00e3o de contratos de obras de grande porte, tais como hidrel\u00e9tricas, rodovias, ferrovias, aeroportos e obras de saneamento ambiental.<\/p>\n<p>Atua\u00e7\u00e3o em arbitragens e media\u00e7\u00e3o no Brasil e no exterior (Bol\u00edvia, Chile, Equador, Estados Unidos, Iraque, Peru, Rep\u00fablica Dominicana, ONU). Conselheiro da C\u00e2mara de Arbitragem do CREA-MG; Membro do corpo de \u00e1rbitros da CAMARB, CREA-MG e CAMINAS.<\/p>\n<p>Advogado com bacharelado pela Faculdade de Direito Milton Campos; Engenheiro Civil com bacharelado pela Pontif\u00edcia Universidade Cat\u00f3lica; especialista em Estruturas pela Funda\u00e7\u00e3o Dom Cabral.<\/p>\n<p>Certifica\u00e7\u00e3o pela FIDIC \u2013 International Federation of Consulting Engineers no curso FIDIC Contracts \u2013 A Practical Guide to Using and Understading the International Conditions of Contract, pela Harvard Law School no curso de Negotiation and Leadership.<\/p>\n<p>Palestrante sobre arbitragens e gerenciamento de contratos no Brasil e no exterior<\/p>\n<p>Coautor dos Livros Aspectos Pr\u00e1ticos da Arbitragem \u2013 Editora Quartier Latin e Administra\u00e7\u00e3o Contratual e Claim \u2013 Editora PINI. Autor do artigo Licita\u00e7\u00f5es e Contratos de Obra \u2013 uma abordagem alternativa, publicado na Revista de Direito P\u00fablico da Economia n\u00ba 40.<\/p>\n<\/div>\n<\/div>\n\t\t\t\t<\/div>\n\t\t\t<\/div><\/div>\t\t\t\t<\/div>\n\t\t\t\t<\/div>\n\t\t\t\t<\/div>\n\t\t<div class=\"elementor-element elementor-element-5ff9ef6 e-con-full e-flex wpr-particle-no wpr-jarallax-no wpr-parallax-no wpr-sticky-section-no e-con e-child\" data-id=\"5ff9ef6\" data-element_type=\"container\">\n\t\t<div class=\"elementor-element elementor-element-2880b95c e-con-full e-flex wpr-particle-no wpr-jarallax-no wpr-parallax-no wpr-sticky-section-no e-con e-child\" data-id=\"2880b95c\" data-element_type=\"container\" data-settings=\"{&quot;background_background&quot;:&quot;classic&quot;}\">\n\t\t\t\t<\/div>\n\t\t<div class=\"elementor-element elementor-element-634d1719 e-con-full e-flex wpr-particle-no wpr-jarallax-no wpr-parallax-no wpr-sticky-section-no e-con e-child\" data-id=\"634d1719\" data-element_type=\"container\">\n\t\t\t\t<div class=\"elementor-element elementor-element-42a919d6 elementor-widget__width-initial elementor-widget-mobile__width-inherit elementor-widget elementor-widget-elementskit-heading\" data-id=\"42a919d6\" data-element_type=\"widget\" data-widget_type=\"elementskit-heading.default\">\n\t\t\t\t\t<div class=\"ekit-wid-con\" ><div class=\"ekit-heading elementskit-section-title-wraper text_left   ekit_heading_tablet-   ekit_heading_mobile-\"><h2 class=\"ekit-heading--title elementskit-section-title \">Rejane <span>Farrer Madeira<\/span><\/h2><div class=\"ekit_heading_separetor_wraper ekit_heading_elementskit-border-divider ekit-dotted\"><div class=\"elementskit-border-divider ekit-dotted\"><\/div><\/div>\t\t\t\t<div class='ekit-heading__description'>\n\t\t\t\t\t<div class=\"elementor-element elementor-element-78f01969 envato-kit-93-drop-cap elementor-widget elementor-widget-text-editor animated fadeInUp\">\n<div class=\"elementor-widget-container\">\n<div class=\"elementor-element elementor-element-0bfb093 envato-kit-93-drop-cap elementor-widget__width-initial elementor-widget elementor-widget-text-editor animated fadeInUp\">\n<div class=\"elementor-widget-container\">\n<div class=\"equipe_p\">\n<p>Advogada. S\u00f3cia da FARRER CONSULTORES SOCIEDADE DE ADVOGADOS, com atua\u00e7\u00e3o focada em gerenciamento de contratos de engenharia, incluindo elabora\u00e7\u00e3o, negocia\u00e7\u00e3o, documenta\u00e7\u00e3o e revis\u00e3o de contratos de obras de grande porte, tais como hidrel\u00e9tricas, rodovias, ferrovias, aeroportos e obras de saneamento ambiental. Atua\u00e7\u00e3o em processos judiciais, arbitragens e media\u00e7\u00e3o.<\/p>\n<p>Advogada com bacharelado na Pontif\u00edcia Universidade Cat\u00f3lica de Minas Gerais (2005); p\u00f3s-graduada em Direito Tribut\u00e1rio pela Funda\u00e7\u00e3o Get\u00falio Vargas (2006); p\u00f3s-graduada em Direito Europeu pela Universidade de Lisboa (2009); certifica\u00e7\u00e3o pela Harvard Law School no curso de Negotiation and Leadership (2014); p\u00f3s-graduanda em advocacia extrajudicial pela PUC\/MG (2025).<\/p>\n<p>Graduanda em Engenharia Civil<\/p>\n<\/div>\n<\/div>\n<\/div>\n<\/div>\n<\/div>\n\t\t\t\t<\/div>\n\t\t\t<\/div><\/div>\t\t\t\t<\/div>\n\t\t\t\t<\/div>\n\t\t\t\t<\/div>\n\t\t<div class=\"elementor-element elementor-element-114b7ca6 e-con-full e-flex wpr-particle-no wpr-jarallax-no wpr-parallax-no wpr-sticky-section-no e-con e-child\" data-id=\"114b7ca6\" data-element_type=\"container\">\n\t\t<div class=\"elementor-element elementor-element-1830ed4 e-con-full e-flex wpr-particle-no wpr-jarallax-no wpr-parallax-no wpr-sticky-section-no e-con e-child\" data-id=\"1830ed4\" data-element_type=\"container\" data-settings=\"{&quot;background_background&quot;:&quot;classic&quot;}\">\n\t\t\t\t<\/div>\n\t\t<div class=\"elementor-element elementor-element-6d1f05e7 e-con-full e-flex wpr-particle-no wpr-jarallax-no wpr-parallax-no wpr-sticky-section-no e-con e-child\" data-id=\"6d1f05e7\" data-element_type=\"container\">\n\t\t\t\t<div class=\"elementor-element elementor-element-48d9739 elementor-widget__width-initial elementor-widget-mobile__width-inherit elementor-widget elementor-widget-elementskit-heading\" data-id=\"48d9739\" data-element_type=\"widget\" data-widget_type=\"elementskit-heading.default\">\n\t\t\t\t\t<div class=\"ekit-wid-con\" ><div class=\"ekit-heading elementskit-section-title-wraper text_left   ekit_heading_tablet-   ekit_heading_mobile-\"><h2 class=\"ekit-heading--title elementskit-section-title \">  Eduardo <span>Andrade<\/span><\/h2><div class=\"ekit_heading_separetor_wraper ekit_heading_elementskit-border-divider ekit-dotted\"><div class=\"elementskit-border-divider ekit-dotted\"><\/div><\/div>\t\t\t\t<div class='ekit-heading__description'>\n\t\t\t\t\t<p>Engenheiro Civil e Advogado com larga experi\u00eancia em gest\u00e3o de projetos (PMP) e administra\u00e7\u00e3o de contratos, notadamente no setor de constru\u00e7\u00e3o e montagem e de \u00f3leo e g\u00e1s. Atua\u00e7\u00e3o em grandes projetos de constru\u00e7\u00e3o de unidades de refino e gasodutos para a PETROBRAS, atrav\u00e9s de grandes empresas nacionais e internacionais. Mestre em Gest\u00e3o de Neg\u00f3cios pela FDC (2019).<\/p>\n<p>Foi Diretor de G\u00e1s da CEMIG e Diretor-Presidente da GASMIG por 2 anos e 4 meses.<\/p>\n<p>Atua como consultor de contratos para gest\u00e3o de obras de engenharia; em procedimentos de media\u00e7\u00e3o, concilia\u00e7\u00e3o e arbitragem; e em per\u00edcias em obras de engenharia.<\/p>\n<p>\u00c9 tamb\u00e9m Vice-Presidente da C\u00e2mara de Media\u00e7\u00e3o e Arbitragem do CREA-MG.<\/p>\n\t\t\t\t<\/div>\n\t\t\t<\/div><\/div>\t\t\t\t<\/div>\n\t\t\t\t<\/div>\n\t\t\t\t<\/div>\n\t\t\t\t\t<\/div>\n\t\t\t\t<\/div>\n\t\t\t\t<\/div>\n\t\t","protected":false},"excerpt":{"rendered":"<p>Home Quem Somos Equipe Atua\u00e7\u00e3o Publica\u00e7\u00f5es Contato Home Quem Somos Equipe Atua\u00e7\u00e3o Publica\u00e7\u00f5es Contato Home Quem Somos Equipe Atua\u00e7\u00e3o Publica\u00e7\u00f5es Contato Home Quem Somos Equipe Atua\u00e7\u00e3o Publica\u00e7\u00f5es Contato Equipe Farrer Robert Farrer Advogado e engenheiro civil. S\u00f3cio da FARRER CONSULTORES SOCIEDADE DE ADOVOGADOS, com atua\u00e7\u00e3o focada em gerenciamento de contratos de engenharia, incluindo elabora\u00e7\u00e3o, negocia\u00e7\u00e3o, documenta\u00e7\u00e3o e revis\u00e3o de contratos de obras de grande porte, tais como hidrel\u00e9tricas, rodovias, ferrovias, aeroportos e obras de saneamento ambiental. Atua\u00e7\u00e3o em arbitragens e media\u00e7\u00e3o no Brasil e no exterior (Bol\u00edvia, Chile, Equador, Estados Unidos, Iraque, Peru, Rep\u00fablica Dominicana, ONU). Conselheiro da C\u00e2mara de Arbitragem do CREA-MG; Membro do corpo de \u00e1rbitros da CAMARB, CREA-MG e CAMINAS. Advogado com bacharelado pela Faculdade de Direito Milton Campos; Engenheiro Civil com bacharelado pela Pontif\u00edcia Universidade Cat\u00f3lica; especialista em Estruturas pela Funda\u00e7\u00e3o Dom Cabral. Certifica\u00e7\u00e3o pela FIDIC \u2013 International Federation of Consulting Engineers no curso FIDIC Contracts \u2013 A Practical Guide to Using and Understading the International Conditions of Contract, pela Harvard Law School no curso de Negotiation and Leadership. Palestrante sobre arbitragens e gerenciamento de contratos no Brasil e no exterior Coautor dos Livros Aspectos Pr\u00e1ticos da Arbitragem \u2013 Editora Quartier Latin e Administra\u00e7\u00e3o Contratual e Claim \u2013 Editora PINI. Autor do artigo Licita\u00e7\u00f5es e Contratos de Obra \u2013 uma abordagem alternativa, publicado na Revista de Direito P\u00fablico da Economia n\u00ba 40. Rejane Farrer Madeira Advogada. S\u00f3cia da FARRER CONSULTORES SOCIEDADE DE ADVOGADOS, com atua\u00e7\u00e3o focada em gerenciamento de contratos de engenharia, incluindo elabora\u00e7\u00e3o, negocia\u00e7\u00e3o, documenta\u00e7\u00e3o e revis\u00e3o de contratos de obras de grande porte, tais como hidrel\u00e9tricas, rodovias, ferrovias, aeroportos e obras de saneamento ambiental. Atua\u00e7\u00e3o em processos judiciais, arbitragens e media\u00e7\u00e3o. Advogada com bacharelado na Pontif\u00edcia Universidade Cat\u00f3lica de Minas Gerais (2005); p\u00f3s-graduada em Direito Tribut\u00e1rio pela Funda\u00e7\u00e3o Get\u00falio Vargas (2006); p\u00f3s-graduada em Direito Europeu pela Universidade de Lisboa (2009); certifica\u00e7\u00e3o pela Harvard Law School no curso de Negotiation and Leadership (2014); p\u00f3s-graduanda em advocacia extrajudicial pela PUC\/MG (2025). Graduanda em Engenharia Civil Eduardo Andrade Engenheiro Civil e Advogado com larga experi\u00eancia em gest\u00e3o de projetos (PMP) e administra\u00e7\u00e3o de contratos, notadamente no setor de constru\u00e7\u00e3o e montagem e de \u00f3leo e g\u00e1s. Atua\u00e7\u00e3o em grandes projetos de constru\u00e7\u00e3o de unidades de refino e gasodutos para a PETROBRAS, atrav\u00e9s de grandes empresas nacionais e internacionais. Mestre em Gest\u00e3o de Neg\u00f3cios pela FDC (2019). Foi Diretor de G\u00e1s da CEMIG e Diretor-Presidente da GASMIG por 2 anos e 4 meses. Atua como consultor de contratos para gest\u00e3o de obras de engenharia; em procedimentos de media\u00e7\u00e3o, concilia\u00e7\u00e3o e arbitragem; e em per\u00edcias em obras de engenharia. \u00c9 tamb\u00e9m Vice-Presidente da C\u00e2mara de Media\u00e7\u00e3o e Arbitragem do CREA-MG.<\/p>\n","protected":false},"author":1,"featured_media":0,"parent":0,"menu_order":0,"comment_status":"closed","ping_status":"closed","template":"","meta":{"footnotes":""},"class_list":["post-588","page","type-page","status-publish","hentry"],"_links":{"self":[{"href":"https:\/\/farrer.com.br\/index.php?rest_route=\/wp\/v2\/pages\/588","targetHints":{"allow":["GET"]}}],"collection":[{"href":"https:\/\/farrer.com.br\/index.php?rest_route=\/wp\/v2\/pages"}],"about":[{"href":"https:\/\/farrer.com.br\/index.php?rest_route=\/wp\/v2\/types\/page"}],"author":[{"embeddable":true,"href":"https:\/\/farrer.com.br\/index.php?rest_route=\/wp\/v2\/users\/1"}],"replies":[{"embeddable":true,"href":"https:\/\/farrer.com.br\/index.php?rest_route=%2Fwp%2Fv2%2Fcomments&post=588"}],"version-history":[{"count":9,"href":"https:\/\/farrer.com.br\/index.php?rest_route=\/wp\/v2\/pages\/588\/revisions"}],"predecessor-version":[{"id":1222,"href":"https:\/\/farrer.com.br\/index.php?rest_route=\/wp\/v2\/pages\/588\/revisions\/1222"}],"wp:attachment":[{"href":"https:\/\/farrer.com.br\/index.php?rest_route=%2Fwp%2Fv2%2Fmedia&parent=588"}],"curies":[{"name":"wp","href":"https:\/\/api.w.org\/{rel}","templated":true}]}}